{"id":869,"date":"2024-06-03T18:45:41","date_gmt":"2024-06-03T18:45:41","guid":{"rendered":"https:\/\/bigfishinitiative.com\/?page_id=869"},"modified":"2025-12-23T18:06:05","modified_gmt":"2025-12-23T18:06:05","slug":"regional-fsa-management-plan","status":"publish","type":"page","link":"https:\/\/bigfishinitiative.com\/fr\/regional-fsa-management-plan\/","title":{"rendered":"Plan de gestion r\u00e9gional de l'ASF"},"content":{"rendered":"<div id=\"fws_69f0ff3b11c88\"  data-column-margin=\"default\" data-midnight=\"light\" data-top-percent=\"8%\" data-bottom-percent=\"8%\"  class=\"wpb_row vc_row-fluid vc_row full-width-section parallax_section\"  style=\"padding-top: calc(100vw * 0.08); padding-bottom: calc(100vw * 0.08); \"><div class=\"row-bg-wrap\" data-bg-animation=\"none\" data-bg-animation-delay=\"\" data-bg-overlay=\"false\"><div class=\"inner-wrap row-bg-layer using-image\" ><div class=\"row-bg viewport-desktop using-image using-bg-color\" data-parallax-speed=\"fast\" style=\"background-image: url(https:\/\/bigfishinitiative.com\/wp-content\/uploads\/2024\/05\/BigFishInitiative-Glow1.png); background-position: left top; background-repeat: no-repeat; background-color: #070b1c; \"><\/div><\/div><\/div><div class=\"row_col_wrap_12 col span_12 light left\">\n\t<div  class=\"vc_col-sm-6 wpb_column column_container vc_column_container col no-extra-padding inherit_tablet inherit_phone\"  data-padding-pos=\"all\" data-has-bg-color=\"false\" data-bg-color=\"\" data-bg-opacity=\"1\" data-animation=\"\" data-delay=\"0\" >\n\t\t<div class=\"vc_column-inner\" >\n\t\t\t<div class=\"wpb_wrapper\">\n\t\t\t\t<div class=\"img-with-aniamtion-wrap  custom-size\" data-max-width=\"100%\" data-max-width-mobile=\"default\" data-shadow=\"none\" data-animation=\"none\" >\n      <div class=\"inner\">\n        <div class=\"hover-wrap\"> \n          <div class=\"hover-wrap-inner\">\n            <a href=\"https:\/\/bigfishinitiative.com\/wp-content\/uploads\/2024\/06\/Copy-of-FAO-SAWG-Regional-Management-Plan_20230719.pdf\" target=\"_blank\" class=\"\">\n              <img loading=\"lazy\" decoding=\"async\" class=\"img-with-animation skip-lazy\" data-delay=\"0\" height=\"1024\" width=\"791\" data-animation=\"none\" src=\"https:\/\/bigfishinitiative.com\/wp-content\/uploads\/2024\/06\/Copy-of-Regional-Fish-Spawning-Aggregation-Fisher-Management-Plan-pdf-791x1024.jpg\" alt=\"\"  \/>\n            <\/a>\n          <\/div>\n        <\/div>\n      <\/div>\n      <\/div>\n\t\t\t<\/div> \n\t\t<\/div>\n\t<\/div> \n\n\t<div  class=\"vc_col-sm-6 wpb_column column_container vc_column_container col no-extra-padding inherit_tablet inherit_phone\"  data-padding-pos=\"all\" data-has-bg-color=\"false\" data-bg-color=\"\" data-bg-opacity=\"1\" data-animation=\"\" data-delay=\"0\" >\n\t\t<div class=\"vc_column-inner\" >\n\t\t\t<div class=\"wpb_wrapper\">\n\t\t\t\t<h1 style=\"color: #ffffff;text-align: left\" class=\"vc_custom_heading vc_do_custom_heading vc_custom_1718617367242\" >Plan de gestion de la p\u00eache des reproducteurs r\u00e9gionaux de poissons<\/h1><h4 style=\"font-size: 20px;color: rgba(255,255,255,0.7);line-height: 36px;text-align: left;font-family:Roboto;font-weight:500;font-style:normal\" class=\"vc_custom_heading vc_do_custom_heading\" >La premi\u00e8re strat\u00e9gie coordonn\u00e9e et harmonis\u00e9e pour une protection efficace des agr\u00e9gations de frai de poissons (FSA) dans les Cara\u00efbes par le groupe de travail WECAFC\/CFMC\/OSPESCA\/CRFM sur les agr\u00e9gations de frai de poissons (FSA).<\/h4><a class=\"nectar-button large see-through-2\"  role=\"button\" style=\"margin-top: 30px; border-color: #ffffff; color: #ffffff;\" target=\"_blank\" href=\"https:\/\/bigfishinitiative.com\/wp-content\/uploads\/2024\/06\/Copy-of-FAO-SAWG-Regional-Management-Plan_20230719.pdf\" data-color-override=\"#ffffff\"  data-hover-color-override=\"#ffffff\" data-hover-text-color-override=\"#000000\"><span>Version anglaise<\/span><\/a><div class=\"divider-wrap\" data-alignment=\"default\"><div style=\"height: 1px;\" class=\"divider\"><\/div><\/div><a class=\"nectar-button large see-through-2\"  role=\"button\" style=\"margin-top: 30px; border-color: #ffffff; color: #ffffff;\" target=\"_blank\" href=\"https:\/\/bigfishinitiative.com\/wp-content\/uploads\/2024\/09\/Plan-Regional-de-ordenacion-pesquera-de-las-especies-que-forman-agregaciones-de-desove-con-enfoque-en-la-cherna-criolla-y-el-pargo-criollo-PROPEFAD.pdf\" data-color-override=\"#ffffff\"  data-hover-color-override=\"#ffffff\" data-hover-text-color-override=\"#000000\"><span>Version espagnole<\/span><\/a><div class=\"divider-wrap\" data-alignment=\"default\"><div style=\"height: 1px;\" class=\"divider\"><\/div><\/div><a class=\"nectar-button large see-through-2\"  role=\"button\" style=\"margin-top: 30px; border-color: #ffffff; color: #ffffff;\" target=\"_blank\" href=\"https:\/\/bigfishinitiative.com\/wp-content\/uploads\/2024\/09\/Plan-regional-de-gestion-de-la-peche-dans-les-agregations-de-ponte-Zoom-sur-le-merou-raye-et-le-vivaneau-sorbe-PRGPAP.pdf\" data-color-override=\"#ffffff\"  data-hover-color-override=\"#ffffff\" data-hover-text-color-override=\"#000000\"><span>Version fran\u00e7aise<\/span><\/a>\n\t\t\t<\/div> \n\t\t<\/div>\n\t<\/div> \n<\/div><\/div>\n\t\t<div id=\"fws_69f0ff3b12ba4\"  data-column-margin=\"default\" data-midnight=\"light\" data-top-percent=\"8%\" data-bottom-percent=\"8%\"  class=\"wpb_row vc_row-fluid vc_row full-width-section\"  style=\"padding-top: calc(100vw * 0.08); padding-bottom: calc(100vw * 0.08); \"><div class=\"row-bg-wrap\" data-bg-animation=\"none\" data-bg-animation-delay=\"\" data-bg-overlay=\"true\"><div class=\"inner-wrap row-bg-layer using-image\" ><div class=\"row-bg viewport-desktop using-image using-bg-color\"  style=\"background-image: url(https:\/\/bigfishinitiative.com\/wp-content\/uploads\/2024\/05\/frame_97264.jpg); background-position: left top; background-repeat: no-repeat; background-color: #ff9656; \"><\/div><\/div><div class=\"row-bg-overlay row-bg-layer\" style=\"background-color:#04386a;  opacity: 0.5; \"><\/div><\/div><div class=\"row_col_wrap_12 col span_12 light left\">\n\t<div  class=\"vc_col-sm-12 wpb_column column_container vc_column_container col no-extra-padding inherit_tablet inherit_phone\"  data-padding-pos=\"all\" data-has-bg-color=\"false\" data-bg-color=\"\" data-bg-opacity=\"1\" data-animation=\"\" data-delay=\"0\" >\n\t\t<div class=\"vc_column-inner\" >\n\t\t\t<div class=\"wpb_wrapper\">\n\t\t\t\t<h1 style=\"color: #ffffff;text-align: center\" class=\"vc_custom_heading vc_do_custom_heading vc_custom_1717461377665\" >\u00c0 PROPOS<\/h1><div class=\"toggles\" data-br=\"\" data-starting=\"default\" data-style=\"minimal\"><div class=\"toggle default\" data-inner-wrap=\"true\"><h3 class=\"toggle-title\"><a href=\"#\" role=\"button\" class=\"toggle-heading\"><i role=\"presentation\" class=\"fa fa-plus-circle\"><\/i>Chronologie<\/a><\/h3><div><div class=\"inner-toggle-wrap\">\n<div class=\"wpb_text_column wpb_content_element\" >\n\t<div class=\"wpb_wrapper\">\n\t\t<p><span style=\"font-weight: 400\"><img loading=\"lazy\" decoding=\"async\" class=\"wp-image-946 aligncenter\" src=\"https:\/\/bigfishinitiative.com\/wp-content\/uploads\/2024\/06\/HUB-Homepage-Banners-3-300x113.png\" alt=\"\" width=\"783\" height=\"295\" srcset=\"https:\/\/bigfishinitiative.com\/wp-content\/uploads\/2024\/06\/HUB-Homepage-Banners-3-300x113.png 300w, https:\/\/bigfishinitiative.com\/wp-content\/uploads\/2024\/06\/HUB-Homepage-Banners-3-1024x384.png 1024w, https:\/\/bigfishinitiative.com\/wp-content\/uploads\/2024\/06\/HUB-Homepage-Banners-3-768x288.png 768w, https:\/\/bigfishinitiative.com\/wp-content\/uploads\/2024\/06\/HUB-Homepage-Banners-3-1536x576.png 1536w, https:\/\/bigfishinitiative.com\/wp-content\/uploads\/2024\/06\/HUB-Homepage-Banners-3-2048x768.png 2048w, https:\/\/bigfishinitiative.com\/wp-content\/uploads\/2024\/06\/HUB-Homepage-Banners-3.png 1920w\" sizes=\"auto, (max-width: 783px) 100vw, 783px\" \/><\/span><\/p>\n<p><span style=\"font-weight: 400\">I<\/span>niti\u00e9 en octobre 2008, le plan a \u00e9t\u00e9 \u00e9labor\u00e9 sur plus d'une d\u00e9cennie. En 2012, un groupe de travail sur les fray\u00e8res (FSAWG) a \u00e9t\u00e9 cr\u00e9\u00e9 avec le soutien de l'Organisation des p\u00eaches d'Am\u00e9rique centrale (OSPESCA) et du M\u00e9canisme r\u00e9gional des p\u00eaches des Cara\u00efbes (CRFM). Le FSAMP a \u00e9t\u00e9 approuv\u00e9 par la WECAFC en 2023.<\/p>\n\t<\/div>\n<\/div>\n\n\n\n<\/div><\/div><\/div><div class=\"toggle default\" data-inner-wrap=\"true\"><h3 class=\"toggle-title\"><a href=\"#\" role=\"button\" class=\"toggle-heading\"><i role=\"presentation\" class=\"fa fa-plus-circle\"><\/i>Historique et contexte<\/a><\/h3><div><div class=\"inner-toggle-wrap\">\n<div class=\"wpb_text_column wpb_content_element\" >\n\t<div class=\"wpb_wrapper\">\n\t\t<p><span style=\"font-weight: 400\">L'approbation de ce plan r\u00e9gional refl\u00e8te les pr\u00e9occupations g\u00e9n\u00e9rales concernant le d\u00e9clin actuel associ\u00e9 \u00e0 l'exploitation incontr\u00f4l\u00e9e des bancs de reproducteurs du m\u00e9rou de Nassau (NG, <\/span><i><span style=\"font-weight: 400\">Epinephelus striatus<\/span><\/i><span style=\"font-weight: 400\">) et le vivaneau (MS, <\/span><i><span style=\"font-weight: 400\">Lutjanus analis<\/span><\/i><span style=\"font-weight: 400\">). Le FSAMP reconna\u00eet la n\u00e9cessit\u00e9 de sauvegarder la productivit\u00e9 biologique \u00e0 long terme, la fonction de l'\u00e9cosyst\u00e8me et les avantages socio-\u00e9conomiques (alimentation, tourisme, commerce) des agr\u00e9gations de ces deux esp\u00e8ces focales, ainsi que d'autres vivaneaux (Lutjanidae) et m\u00e9rous (Epinephelidae) agr\u00e9gatifs. Les agr\u00e9gations de frai sont les seuls moments o\u00f9 ces esp\u00e8ces se reproduisent, ce qui les rend essentielles pour la persistance de la population.<\/span><\/p>\n\t<\/div>\n<\/div>\n\n\n\n<\/div><\/div><\/div><div class=\"toggle default\" data-inner-wrap=\"true\"><h3 class=\"toggle-title\"><a href=\"#\" role=\"button\" class=\"toggle-heading\"><i role=\"presentation\" class=\"fa fa-plus-circle\"><\/i>Esp\u00e8ces de drapeaux<\/a><\/h3><div><div class=\"inner-toggle-wrap\">\n<div class=\"wpb_text_column wpb_content_element\" >\n\t<div class=\"wpb_wrapper\">\n\t\t<p><span style=\"font-weight: 400\">Les deux esp\u00e8ces focales ont \u00e9t\u00e9 s\u00e9lectionn\u00e9es en raison des pr\u00e9occupations constantes et croissantes concernant leur conservation et leur statut de p\u00eache. En reconnaissance de ses populations tr\u00e8s r\u00e9duites, le m\u00e9rou de Nassau a \u00e9t\u00e9 inclus dans l'Endangered Species Act (2016) des \u00c9tats-Unis et inscrit \u00e0 l'annexe III, en tant qu'esp\u00e8ce menac\u00e9e, du protocole de la convention de Carthag\u00e8ne relatif aux zones et \u00e0 la vie sauvage sp\u00e9cialement prot\u00e9g\u00e9es (protocole SPAW) en 2018. <\/span><span style=\"font-weight: 400\">Selon la liste rouge de l'Union internationale pour la conservation de la nature (UICN), l'\u00e9tat de conservation du GN est \u2018en danger\u2019 (2018).<\/span><span style=\"font-weight: 400\"> et de l'EM est \u2018Quasi menac\u00e9e\u2019 (2015).<\/span><\/p>\n<p><span style=\"font-weight: 400\">Bien qu'elles fassent l'objet d'une s\u00e9rie de mesures de protection, celles-ci sont g\u00e9n\u00e9ralement insuffisantes pour enrayer le d\u00e9clin ou favoriser la reconstitution des stocks dans les GN et les EM, bien qu'il y ait des exceptions importantes et instructives. Gr\u00e2ce \u00e0 une gestion stricte, les r<\/span><span style=\"font-weight: 400\">d\u00e9couverte<\/span><span style=\"font-weight: 400\"> de la NG <\/span><span style=\"font-weight: 400\">dans les \u00eeles Ca\u00efmans, les \u00eeles Vierges am\u00e9ricaines et au Mexique<\/span><span style=\"font-weight: 400\"> est en cours. Toutefois, apr\u00e8s plus d'une d\u00e9cennie de protection avec des interdictions saisonni\u00e8res et une protection spatiale, les Bahamas et le Belize ont probablement enray\u00e9 les d\u00e9clins. Bien qu'il serait utile de disposer de plus d'informations, par exemple sur les d\u00e9barquements et d'autres donn\u00e9es, il est \u00e9galement admis que l'on dispose d\u00e9j\u00e0 de suffisamment d'informations pour que la gestion puisse \u00eatre mise en \u0153uvre. En outre, sur la base des meilleures connaissances scientifiques, nous savons d\u00e9sormais que la gestion des agr\u00e9gations de frai doit \u00eatre effectu\u00e9e en tant que mesure PR\u00c9CAUTIVE, car l\u2018\u2019hyperstabilit\u00e9\" signifie que les agr\u00e9gations peuvent \u00eatre compromises avant que le d\u00e9clin des captures ne devienne \u00e9vident.<\/span><\/p>\n\t<\/div>\n<\/div>\n\n\n\n<\/div><\/div><\/div><div class=\"toggle default\" data-inner-wrap=\"true\"><h3 class=\"toggle-title\"><a href=\"#\" role=\"button\" class=\"toggle-heading\"><i role=\"presentation\" class=\"fa fa-plus-circle\"><\/i>Protection du temps et de l'espace<\/a><\/h3><div><div class=\"inner-toggle-wrap\">\n<div class=\"wpb_text_column wpb_content_element\" >\n\t<div class=\"wpb_wrapper\">\n\t\t<p><span style=\"font-weight: 400\">\u00a0Les mesures de protection efficaces impliquent g\u00e9n\u00e9ralement la sauvegarde du lieu et\/ou de la saison des agr\u00e9gations de frai, souvent en parall\u00e8le avec une interdiction de vente pendant la saison de reproduction pour faciliter l'application de la loi. M\u00eame si nous ne connaissons pas beaucoup de sites de ponte, cela n'est pas indispensable pour mettre en \u0153uvre des protections saisonni\u00e8res, car nous disposons d\u00e9j\u00e0 de suffisamment d'informations (provenant d'\u00e9tudes scientifiques et des connaissances des p\u00eacheurs) sur la saisonnalit\u00e9 de la ponte pour les deux esp\u00e8ces focales. En r\u00e8gle g\u00e9n\u00e9rale, les NG frayent pendant une semaine environ au cours d'une ou deux p\u00e9riodes de pleine lune au cours d'une ann\u00e9e donn\u00e9e, entre d\u00e9cembre et mars. Inversement, les EM se regroupent une ou deux fois au cours d'une p\u00e9riode de quatre mois autour de mai et juin. Nous savons \u00e9galement que pour que la gestion soit efficace, les approches r\u00e9gionales et nationales doivent \u00eatre coordonn\u00e9es, mises en \u0153uvre et appliqu\u00e9es, en raison de la nature transfrontali\u00e8re des mouvements d'adultes et d'\u0153ufs\/de larves et de la nature commune de ces stocks.\u00a0<\/span><\/p>\n\t<\/div>\n<\/div>\n\n\n\n<\/div><\/div><\/div><div class=\"toggle default\" data-inner-wrap=\"true\"><h3 class=\"toggle-title\"><a href=\"#\" role=\"button\" class=\"toggle-heading\"><i role=\"presentation\" class=\"fa fa-plus-circle\"><\/i>Travail actuel<\/a><\/h3><div><div class=\"inner-toggle-wrap\">\n<div class=\"wpb_text_column wpb_content_element\" >\n\t<div class=\"wpb_wrapper\">\n\t\t<p><span style=\"font-weight: 400\">Les initiatives actuelles de mise en \u0153uvre du plan de travail du FSAMP comprennent : trois \u00e9tudes de cas pilotes, la campagne d'engagement public Big Fish Initiative et la formation des p\u00eacheurs. <\/span><\/p>\n\t<\/div>\n<\/div>\n\n\n\n<a class=\"nectar-button small regular accent-color  regular-button\"  role=\"button\" style=\"\" target=\"_blank\" href=\"https:\/\/bigfishinitiative.com\/wp-content\/uploads\/2025\/12\/WECAFC_SAGXIII_REVALF.pdf\" data-color-override=\"false\" data-hover-color-override=\"false\" data-hover-text-color-override=\"#fff\"><span>Dernier rapport intersessions (2024-2025)<\/span><\/a><a class=\"nectar-button small regular accent-color  regular-button\"  role=\"button\" style=\"margin-left: 60px;\" target=\"_blank\" href=\"https:\/\/bigfishinitiative.com\/wp-content\/uploads\/2025\/12\/SAWG-VI-Report.pdf\" data-color-override=\"false\" data-hover-color-override=\"false\" data-hover-text-color-override=\"#fff\"><span>Rapport de la sixi\u00e8me r\u00e9union du groupe de travail de la COPACE sur les agr\u00e9gats reproducteurs<\/span><\/a><\/div><\/div><\/div><div class=\"toggle default\" data-inner-wrap=\"true\"><h3 class=\"toggle-title\"><a href=\"#\" role=\"button\" class=\"toggle-heading\"><i role=\"presentation\" class=\"fa fa-plus-circle\"><\/i>Pays pilotes<\/a><\/h3><div><div class=\"inner-toggle-wrap\">\n<div class=\"wpb_text_column wpb_content_element\" >\n\t<div class=\"wpb_wrapper\">\n\t\t<p><span style=\"font-weight: 400\"><img loading=\"lazy\" decoding=\"async\" class=\"wp-image-993 aligncenter\" src=\"https:\/\/bigfishinitiative.com\/wp-content\/uploads\/2024\/06\/HUB-Homepage-Banners-4-1-300x113.png\" alt=\"\" width=\"608\" height=\"229\" srcset=\"https:\/\/bigfishinitiative.com\/wp-content\/uploads\/2024\/06\/HUB-Homepage-Banners-4-1-300x113.png 300w, https:\/\/bigfishinitiative.com\/wp-content\/uploads\/2024\/06\/HUB-Homepage-Banners-4-1-1024x384.png 1024w, https:\/\/bigfishinitiative.com\/wp-content\/uploads\/2024\/06\/HUB-Homepage-Banners-4-1-768x288.png 768w, https:\/\/bigfishinitiative.com\/wp-content\/uploads\/2024\/06\/HUB-Homepage-Banners-4-1-1536x576.png 1536w, https:\/\/bigfishinitiative.com\/wp-content\/uploads\/2024\/06\/HUB-Homepage-Banners-4-1-2048x768.png 2048w, https:\/\/bigfishinitiative.com\/wp-content\/uploads\/2024\/06\/HUB-Homepage-Banners-4-1.png 1920w\" sizes=\"auto, (max-width: 608px) 100vw, 608px\" \/>La collecte de donn\u00e9es \u00e0 Cuba, aux Bahamas et au Belize constitue la base d'une base de donn\u00e9es standardis\u00e9e qui sera d\u00e9ploy\u00e9e au niveau r\u00e9gional afin de mieux comprendre les p\u00eacheries d'agr\u00e9gats et d'esp\u00e8ces focales agr\u00e9g\u00e9es ; ces \u00e9tudes de cas doivent \u00eatre \u00e9tendues \u00e0 d'autres pays. La campagne de sensibilisation, \u2018The Big Fish Initiative\u2019, est essentielle pour favoriser une meilleure compr\u00e9hension et une meilleure appr\u00e9ciation des esp\u00e8ces agr\u00e9g\u00e9es et de la n\u00e9cessit\u00e9 urgente de les g\u00e9rer. Elle comprend un centre trilingue complet permettant aux d\u00e9cideurs, aux p\u00eacheurs et aux consommateurs d'acc\u00e9der \u00e0 un large \u00e9ventail d'informations. Le CRFM a mis en place une formation et un renforcement des capacit\u00e9s pour les p\u00eacheurs afin d'am\u00e9liorer les pratiques de p\u00eache durable en ce qui concerne les sites de concentration de frai.<\/span><\/p>\n\t<\/div>\n<\/div>\n\n\n\n<a class=\"nectar-button small regular accent-color  regular-button\"  role=\"button\" style=\"\" target=\"_blank\" href=\"https:\/\/bigfishinitiative.com\/wp-content\/uploads\/2025\/12\/Pilot-Countries-SAWG-VI-Report.docx.pdf\" data-color-override=\"false\" data-hover-color-override=\"false\" data-hover-text-color-override=\"#fff\"><span>T\u00e9l\u00e9charger les pays pilotes (rapport SAWG-VI)<\/span><\/a><\/div><\/div><\/div><\/div>\n\n\n\n\n\n\n\n\n\n\n\n\n\n\n\n\n\n\n\n\n\t\t\t<\/div> \n\t\t<\/div>\n\t<\/div> \n<\/div><\/div>","protected":false},"excerpt":{"rendered":"Regional Fish Spawning Aggregations Fishery Management PlanThe first coordinated and harmonized strategy for effective protection of fish spawning aggregations (FSAs) across the Caribbean by the Fish Spawning Aggregation (FSA) WECAFC\/CFMC\/OSPESCA\/CRFM...","protected":false},"author":4,"featured_media":3714,"parent":0,"menu_order":0,"comment_status":"closed","ping_status":"closed","template":"","meta":{"h5ap_radio_sources":[],"footnotes":""},"class_list":["post-869","page","type-page","status-publish","has-post-thumbnail"],"_links":{"self":[{"href":"https:\/\/bigfishinitiative.com\/fr\/wp-json\/wp\/v2\/pages\/869","targetHints":{"allow":["GET"]}}],"collection":[{"href":"https:\/\/bigfishinitiative.com\/fr\/wp-json\/wp\/v2\/pages"}],"about":[{"href":"https:\/\/bigfishinitiative.com\/fr\/wp-json\/wp\/v2\/types\/page"}],"author":[{"embeddable":true,"href":"https:\/\/bigfishinitiative.com\/fr\/wp-json\/wp\/v2\/users\/4"}],"replies":[{"embeddable":true,"href":"https:\/\/bigfishinitiative.com\/fr\/wp-json\/wp\/v2\/comments?post=869"}],"version-history":[{"count":59,"href":"https:\/\/bigfishinitiative.com\/fr\/wp-json\/wp\/v2\/pages\/869\/revisions"}],"predecessor-version":[{"id":4162,"href":"https:\/\/bigfishinitiative.com\/fr\/wp-json\/wp\/v2\/pages\/869\/revisions\/4162"}],"wp:featuredmedia":[{"embeddable":true,"href":"https:\/\/bigfishinitiative.com\/fr\/wp-json\/wp\/v2\/media\/3714"}],"wp:attachment":[{"href":"https:\/\/bigfishinitiative.com\/fr\/wp-json\/wp\/v2\/media?parent=869"}],"curies":[{"name":"wp","href":"https:\/\/api.w.org\/{rel}","templated":true}]}}